{"id":1182,"date":"2018-01-10T12:14:32","date_gmt":"2018-01-10T12:14:32","guid":{"rendered":"https:\/\/dev.velcrotex.ch\/produit\/quick-tape-20-mm\/"},"modified":"2018-01-10T12:14:32","modified_gmt":"2018-01-10T12:14:32","slug":"quick-tape-20-mm","status":"publish","type":"product","link":"https:\/\/dev.velcrotex.ch\/de\/produit\/quick-tape-20-mm\/","title":{"rendered":"Quick Tape 20 mm"},"content":{"rendered":"<p>[nd_container different_values=&#8220;0&#8243;]<br \/>\n[row different_values=&#8220;0&#8243; style_padding_bottom=&#8220;50px&#8220;]<br \/>\n[col phone=&#8220;12&#8243; tablet=&#8220;6&#8243; desktop=&#8220;4&#8243; wide=&#8220;4&#8243; different_values=&#8220;0&#8243;]<br \/>\n[html format=&#8220;ckeditor&#8220; different_values=&#8220;0&#8243;]<\/p>\n<h3><strong>Pour quelle utilisation ?<\/strong><\/h3>\n<p>&#8211; L&#8217;aviation<br \/>&#8211; Articles de sport<br \/>&#8211; La m\u00e9decine humaine<br \/>&#8211; La m\u00e9decine v\u00e9t\u00e9rinaire<br \/>&#8211; La couture<br \/>&#8211; La maroquinerie moderne<br \/>&#8211; Les chaussures<br \/>&#8211; B\u00e9b\u00e9s et enfants<br \/>&#8211; L&#8217;automobile, le tuning, etc<\/p>\n<p>[\/html]<br \/>\n[\/col]<br \/>\n[col phone=&#8220;12&#8243; tablet=&#8220;6&#8243; desktop=&#8220;4&#8243; wide=&#8220;4&#8243; different_values=&#8220;0&#8243;]<br \/>\n[html format=&#8220;ckeditor&#8220; different_values=&#8220;0&#8243;]<\/p>\n<h3><strong>Ses qualit\u00e9s essentielles<\/strong><\/h3>\n<p>&#8211; Long\u00e9vit\u00e9<br \/>&#8211; L\u00e9g\u00e8ret\u00e9<br \/>&#8211; D\u00e9raillement et grippage impossible<br \/>&#8211; Inoxydable<\/p>\n<p>La superposition des deux rubans permet<br \/><strong>un ajustement de la fermeture \u00e0 volont\u00e9.<\/strong><\/p>\n<p>[\/html]<br \/>\n[\/col]<br \/>\n[col phone=&#8220;12&#8243; tablet=&#8220;6&#8243; desktop=&#8220;4&#8243; wide=&#8220;4&#8243; different_values=&#8220;0&#8243;]<br \/>\n[nd_image fid=&#8220;220&#8243; different_values=&#8220;0&#8243;]<br \/>\n[\/nd_image]<br \/>\n[\/col]<br \/>\n[\/row]<br \/>\n[\/nd_container]<\/p>\n","protected":false},"excerpt":{"rendered":"<p>[nd_container different_values=&#8220;0&#8243;] [row different_values=&#8220;0&#8243; style_padding_bottom=&#8220;50px&#8220;] [col phone=&#8220;12&#8243; tablet=&#8220;6&#8243; desktop=&#8220;4&#8243; wide=&#8220;4&#8243; different_values=&#8220;0&#8243;] [html format=&#8220;ckeditor&#8220; different_values=&#8220;0&#8243;] Pour quelle utilisation ? &#8211; L&#8217;aviation&#8211; Articles de sport&#8211; La m\u00e9decine humaine&#8211; La m\u00e9decine v\u00e9t\u00e9rinaire&#8211; La couture&#8211; La maroquinerie moderne&#8211; Les chaussures&#8211; B\u00e9b\u00e9s et enfants&#8211; L&#8217;automobile, le tuning, etc [\/html] [\/col] [col phone=&#8220;12&#8243; tablet=&#8220;6&#8243; desktop=&#8220;4&#8243; wide=&#8220;4&#8243; different_values=&#8220;0&#8243;] [html format=&#8220;ckeditor&#8220; different_values=&#8220;0&#8243;] Ses [&hellip;]<\/p>\n","protected":false},"featured_media":441,"comment_status":"open","ping_status":"closed","template":"","meta":{"_acf_changed":false},"product_cat":[522],"product_tag":[],"class_list":{"0":"post-1182","1":"product","2":"type-product","3":"status-publish","4":"has-post-thumbnail","6":"product_cat-product-display-de","7":"pa_quantity_minimum-5-de","8":"pa_ruban-boucles-de","9":"pa_ruban-crochets-de","11":"first","12":"instock","13":"shipping-taxable","14":"purchasable","15":"product-type-variable"},"acf":[],"_links":{"self":[{"href":"https:\/\/dev.velcrotex.ch\/de\/wp-json\/wp\/v2\/product\/1182","targetHints":{"allow":["GET"]}}],"collection":[{"href":"https:\/\/dev.velcrotex.ch\/de\/wp-json\/wp\/v2\/product"}],"about":[{"href":"https:\/\/dev.velcrotex.ch\/de\/wp-json\/wp\/v2\/types\/product"}],"replies":[{"embeddable":true,"href":"https:\/\/dev.velcrotex.ch\/de\/wp-json\/wp\/v2\/comments?post=1182"}],"wp:featuredmedia":[{"embeddable":true,"href":"https:\/\/dev.velcrotex.ch\/de\/wp-json\/wp\/v2\/media\/441"}],"wp:attachment":[{"href":"https:\/\/dev.velcrotex.ch\/de\/wp-json\/wp\/v2\/media?parent=1182"}],"wp:term":[{"taxonomy":"product_cat","embeddable":true,"href":"https:\/\/dev.velcrotex.ch\/de\/wp-json\/wp\/v2\/product_cat?post=1182"},{"taxonomy":"product_tag","embeddable":true,"href":"https:\/\/dev.velcrotex.ch\/de\/wp-json\/wp\/v2\/product_tag?post=1182"}],"curies":[{"name":"wp","href":"https:\/\/api.w.org\/{rel}","templated":true}]}}