{"id":1189,"date":"2018-02-07T13:37:44","date_gmt":"2018-02-07T13:37:44","guid":{"rendered":"https:\/\/dev.velcrotex.ch\/produit\/velstrap-velcro-20395-mm\/"},"modified":"2018-02-07T13:37:44","modified_gmt":"2018-02-07T13:37:44","slug":"velstrap-velcro-20395-mm","status":"publish","type":"product","link":"https:\/\/dev.velcrotex.ch\/de\/produit\/velstrap-velcro-20395-mm\/","title":{"rendered":"Velstrap\u00ae Velcro\u00ae 20\/395 MM"},"content":{"rendered":"<p>[nd_container different_values=&#8220;0&#8243;]<br \/>\n[row different_values=&#8220;0&#8243; style_padding_bottom=&#8220;50px&#8220;]<br \/>\n[col phone=&#8220;12&#8243; tablet=&#8220;6&#8243; desktop=&#8220;6&#8243; wide=&#8220;6&#8243; different_values=&#8220;0&#8243;]<br \/>\n[html format=&#8220;ckeditor&#8220; different_values=&#8220;0&#8243;]<\/p>\n<h3><strong>Pour quelle utilisation ?<\/strong><\/h3>\n<p>Attaquez-vous \u00e0 cette pagaille de fils et de c\u00e2bles, organisez vos \u00ab bidules \u00bb, rassemblez ou fixez vos \u00e9quipements de plein air pour \u00eatre toujours pr\u00eat au d\u00e9part.<\/p>\n<p>Utilisez ces liens \u00e0 l\u2019int\u00e9rieur, \u00e0 l\u2019ext\u00e9rieur, \u00e0 la plage, autour d\u2019un feu de bois, dans votre salon,&nbsp; partout o\u00f9 vous en avez besoin. Nos Attaches VELCRO\u00ae sont polyvalentes, r\u00e9utilisables, et pr\u00eates \u00e0 relever tous les d\u00e9fis.<\/p>\n<p>[\/html]<br \/>\n[\/col]<br \/>\n[col phone=&#8220;12&#8243; tablet=&#8220;6&#8243; desktop=&#8220;6&#8243; wide=&#8220;6&#8243; different_values=&#8220;0&#8243;]<br \/>\n[nd_image fid=&#8220;286&#8243; different_values=&#8220;0&#8243;]<br \/>\n[\/nd_image]<br \/>\n[\/col]<br \/>\n[\/row]<br \/>\n[\/nd_container]<\/p>\n","protected":false},"excerpt":{"rendered":"<p>[nd_container different_values=&#8220;0&#8243;] [row different_values=&#8220;0&#8243; style_padding_bottom=&#8220;50px&#8220;] [col phone=&#8220;12&#8243; tablet=&#8220;6&#8243; desktop=&#8220;6&#8243; wide=&#8220;6&#8243; different_values=&#8220;0&#8243;] [html format=&#8220;ckeditor&#8220; different_values=&#8220;0&#8243;] Pour quelle utilisation ? Attaquez-vous \u00e0 cette pagaille de fils et de c\u00e2bles, organisez vos \u00ab bidules \u00bb, rassemblez ou fixez vos \u00e9quipements de plein air pour \u00eatre toujours pr\u00eat au d\u00e9part. Utilisez ces liens \u00e0 l\u2019int\u00e9rieur, \u00e0 l\u2019ext\u00e9rieur, \u00e0 la [&hellip;]<\/p>\n","protected":false},"featured_media":1186,"comment_status":"open","ping_status":"closed","template":"","meta":{"_acf_changed":false},"product_cat":[522],"product_tag":[],"class_list":{"0":"post-1189","1":"product","2":"type-product","3":"status-publish","4":"has-post-thumbnail","6":"product_cat-product-display-de","7":"pa_quantity_minimum-1-de","8":"pa_ruban-boucles-de","10":"first","11":"instock","12":"shipping-taxable","13":"purchasable","14":"product-type-variable"},"acf":[],"_links":{"self":[{"href":"https:\/\/dev.velcrotex.ch\/de\/wp-json\/wp\/v2\/product\/1189","targetHints":{"allow":["GET"]}}],"collection":[{"href":"https:\/\/dev.velcrotex.ch\/de\/wp-json\/wp\/v2\/product"}],"about":[{"href":"https:\/\/dev.velcrotex.ch\/de\/wp-json\/wp\/v2\/types\/product"}],"replies":[{"embeddable":true,"href":"https:\/\/dev.velcrotex.ch\/de\/wp-json\/wp\/v2\/comments?post=1189"}],"wp:featuredmedia":[{"embeddable":true,"href":"https:\/\/dev.velcrotex.ch\/de\/wp-json\/wp\/v2\/media\/1186"}],"wp:attachment":[{"href":"https:\/\/dev.velcrotex.ch\/de\/wp-json\/wp\/v2\/media?parent=1189"}],"wp:term":[{"taxonomy":"product_cat","embeddable":true,"href":"https:\/\/dev.velcrotex.ch\/de\/wp-json\/wp\/v2\/product_cat?post=1189"},{"taxonomy":"product_tag","embeddable":true,"href":"https:\/\/dev.velcrotex.ch\/de\/wp-json\/wp\/v2\/product_tag?post=1189"}],"curies":[{"name":"wp","href":"https:\/\/api.w.org\/{rel}","templated":true}]}}