{"id":1199,"date":"2019-05-03T14:44:06","date_gmt":"2019-05-03T14:44:06","guid":{"rendered":"https:\/\/dev.velcrotex.ch\/produit\/alfa-lok-der-marke-velcro-25mm\/"},"modified":"2019-05-03T14:44:06","modified_gmt":"2019-05-03T14:44:06","slug":"alfa-lok-der-marke-velcro-25mm","status":"publish","type":"product","link":"https:\/\/dev.velcrotex.ch\/de\/produit\/alfa-lok-der-marke-velcro-25mm\/","title":{"rendered":"ALFA LOK\u00ae der Marke VELCRO\u00ae 25mm"},"content":{"rendered":"<p>[nd_container different_values=&#8220;0&#8243;]<br \/>\n[row different_values=&#8220;0&#8243; style_padding_bottom=&#8220;50px&#8220;]<br \/>\n[col phone=&#8220;12&#8243; tablet=&#8220;6&#8243; desktop=&#8220;4&#8243; wide=&#8220;12&#8243; different_values=&#8220;0&#8243;]<br \/>\n[html format=&#8220;ckeditor&#8220; different_values=&#8220;0&#8243;]<\/p>\n<p>Das Alfa Lok\u00ae Befestigungssystem besteht aus zwei Kunststofftr\u00e4gern mit pilzf\u00f6rmigen Stiften. Wenn man die B\u00e4nder von Alfa Lok\u00ae aufeinander dr\u00fcckt, verriegeln sich die Pilze h\u00f6rbar. Um sie zu \u00f6ffnen, trennen Sie sie durch einfaches Ziehen. Alfa Lok bietet sehr hohe Rei\u00df- und Scherfestigkeit.<\/p>\n<p>Dieses Produkt ist ein schnelles und sicheres wiederverschlie\u00dfbares Befestigungssystem f\u00fcr eine Vielzahl von Anwendungen.<\/p>\n<p>In vielen F\u00e4llen k\u00f6nnen Alfa Lok\u00ae Befestigungssysteme herk\u00f6mmliche Befestigungselemente wie Schrauben, Clips, Nieten usw. ersetzen.<\/p>\n<p>[\/html]<br \/>\n[\/col]<br \/>\n[\/row]<br \/>\n[\/nd_container]<\/p>\n","protected":false},"excerpt":{"rendered":"<p>[nd_container different_values=&#8220;0&#8243;] [row different_values=&#8220;0&#8243; style_padding_bottom=&#8220;50px&#8220;] [col phone=&#8220;12&#8243; tablet=&#8220;6&#8243; desktop=&#8220;4&#8243; wide=&#8220;12&#8243; different_values=&#8220;0&#8243;] [html format=&#8220;ckeditor&#8220; different_values=&#8220;0&#8243;] Das Alfa Lok\u00ae Befestigungssystem besteht aus zwei Kunststofftr\u00e4gern mit pilzf\u00f6rmigen Stiften. Wenn man die B\u00e4nder von Alfa Lok\u00ae aufeinander dr\u00fcckt, verriegeln sich die Pilze h\u00f6rbar. Um sie zu \u00f6ffnen, trennen Sie sie durch einfaches Ziehen. Alfa Lok bietet sehr hohe Rei\u00df- [&hellip;]<\/p>\n","protected":false},"featured_media":1196,"comment_status":"open","ping_status":"closed","template":"","meta":{"_acf_changed":false},"product_cat":[522],"product_tag":[],"class_list":{"0":"post-1199","1":"product","2":"type-product","3":"status-publish","4":"has-post-thumbnail","6":"product_cat-product-display-de","7":"pa_quantity_minimum-5-de","8":"pa_ruban-crochets-de","10":"first","11":"instock","12":"shipping-taxable","13":"purchasable","14":"product-type-variable"},"acf":[],"_links":{"self":[{"href":"https:\/\/dev.velcrotex.ch\/de\/wp-json\/wp\/v2\/product\/1199","targetHints":{"allow":["GET"]}}],"collection":[{"href":"https:\/\/dev.velcrotex.ch\/de\/wp-json\/wp\/v2\/product"}],"about":[{"href":"https:\/\/dev.velcrotex.ch\/de\/wp-json\/wp\/v2\/types\/product"}],"replies":[{"embeddable":true,"href":"https:\/\/dev.velcrotex.ch\/de\/wp-json\/wp\/v2\/comments?post=1199"}],"wp:featuredmedia":[{"embeddable":true,"href":"https:\/\/dev.velcrotex.ch\/de\/wp-json\/wp\/v2\/media\/1196"}],"wp:attachment":[{"href":"https:\/\/dev.velcrotex.ch\/de\/wp-json\/wp\/v2\/media?parent=1199"}],"wp:term":[{"taxonomy":"product_cat","embeddable":true,"href":"https:\/\/dev.velcrotex.ch\/de\/wp-json\/wp\/v2\/product_cat?post=1199"},{"taxonomy":"product_tag","embeddable":true,"href":"https:\/\/dev.velcrotex.ch\/de\/wp-json\/wp\/v2\/product_tag?post=1199"}],"curies":[{"name":"wp","href":"https:\/\/api.w.org\/{rel}","templated":true}]}}