{"id":828,"date":"2018-01-02T14:59:01","date_gmt":"2018-01-02T14:59:01","guid":{"rendered":"https:\/\/dev.velcrotex.ch\/produit\/normales-band-zum-nahen-der-marke-velcro-100mm\/"},"modified":"2018-01-09T08:42:36","modified_gmt":"2018-01-09T08:42:36","slug":"normales-band-zum-nahen-der-marke-velcro-100mm","status":"publish","type":"product","link":"https:\/\/dev.velcrotex.ch\/de\/produit\/normales-band-zum-nahen-der-marke-velcro-100mm\/","title":{"rendered":"Normales Band zum N\u00e4hen der Marke VELCRO\u00ae 100mm"},"content":{"rendered":"<p>[nd_container different_values=&#8220;0&#8243;]<br \/>\n[row different_values=&#8220;0&#8243; style_padding_bottom=&#8220;50px&#8220;]<br \/>\n[col phone=&#8220;12&#8243; tablet=&#8220;6&#8243; desktop=&#8220;4&#8243; wide=&#8220;4&#8243; different_values=&#8220;0&#8243;]<br \/>\n[html format=&#8220;ckeditor&#8220; different_values=&#8220;0&#8243;]<\/p>\n<h3><strong>F\u00fcr welchen Zweck ?<\/strong><\/h3>\n<p>&#8211; Luftfahrt<br \/>&#8211; Sportartikel<br \/>&#8211; Medizin f\u00fcr Menschen<br \/>&#8211; Medizin f\u00fcr Tiere<br \/>&#8211; N\u00e4hen<br \/>&#8211; Moderne Lederwaren<br \/>&#8211; Schuhe<br \/>&#8211; Babies und Kinder<br \/>&#8211; Fahrzeuge, Tuning, usw<\/p>\n<p>[\/html]<br \/>\n[\/col]<br \/>\n[col phone=&#8220;12&#8243; tablet=&#8220;6&#8243; desktop=&#8220;4&#8243; wide=&#8220;4&#8243; different_values=&#8220;0&#8243;]<br \/>\n[html format=&#8220;ckeditor&#8220; different_values=&#8220;0&#8243;]<\/p>\n<h3><strong>Seine wesentlichen Qualit\u00e4ten : <\/strong><\/h3>\n<p>&#8211; Langlebigkeit<br \/>&#8211; Leichtigkeit<br \/>&#8211; Entgleisen und Klemmen unm\u00f6glich<br \/>&#8211; Rostfrei<\/p>\n<p>Der Zusammenhalt der beiden B\u00e4nder ergibt<br \/><strong>eine richtige Einstellung des Verschlusses nach Belieben.<\/strong><\/p>\n<p>[\/html]<br \/>\n[\/col]<br \/>\n[col phone=&#8220;12&#8243; tablet=&#8220;6&#8243; desktop=&#8220;4&#8243; wide=&#8220;4&#8243; different_values=&#8220;0&#8243;]<br \/>\n[nd_image fid=&#8220;220&#8243; different_values=&#8220;0&#8243;]<br \/>\n[\/nd_image]<br \/>\n[\/col]<br \/>\n[\/row]<br \/>\n[\/nd_container]<\/p>\n","protected":false},"excerpt":{"rendered":"<p>[nd_container different_values=&#8220;0&#8243;] [row different_values=&#8220;0&#8243; style_padding_bottom=&#8220;50px&#8220;] [col phone=&#8220;12&#8243; tablet=&#8220;6&#8243; desktop=&#8220;4&#8243; wide=&#8220;4&#8243; different_values=&#8220;0&#8243;] [html format=&#8220;ckeditor&#8220; different_values=&#8220;0&#8243;] F\u00fcr welchen Zweck ? &#8211; Luftfahrt&#8211; Sportartikel&#8211; Medizin f\u00fcr Menschen&#8211; Medizin f\u00fcr Tiere&#8211; N\u00e4hen&#8211; Moderne Lederwaren&#8211; Schuhe&#8211; Babies und Kinder&#8211; Fahrzeuge, Tuning, usw [\/html] [\/col] [col phone=&#8220;12&#8243; tablet=&#8220;6&#8243; desktop=&#8220;4&#8243; wide=&#8220;4&#8243; different_values=&#8220;0&#8243;] [html format=&#8220;ckeditor&#8220; different_values=&#8220;0&#8243;] Seine wesentlichen Qualit\u00e4ten : &#8211; Langlebigkeit&#8211; Leichtigkeit&#8211; [&hellip;]<\/p>\n","protected":false},"featured_media":441,"comment_status":"open","ping_status":"closed","template":"","meta":{"_acf_changed":false},"product_cat":[],"product_tag":[],"class_list":{"0":"post-828","1":"product","2":"type-product","3":"status-publish","4":"has-post-thumbnail","6":"pa_quantity_minimum-5-de","7":"pa_ruban-boucles-de","8":"pa_ruban-crochets-de","10":"first","11":"instock","12":"shipping-taxable","13":"purchasable","14":"product-type-variable"},"acf":[],"_links":{"self":[{"href":"https:\/\/dev.velcrotex.ch\/de\/wp-json\/wp\/v2\/product\/828","targetHints":{"allow":["GET"]}}],"collection":[{"href":"https:\/\/dev.velcrotex.ch\/de\/wp-json\/wp\/v2\/product"}],"about":[{"href":"https:\/\/dev.velcrotex.ch\/de\/wp-json\/wp\/v2\/types\/product"}],"replies":[{"embeddable":true,"href":"https:\/\/dev.velcrotex.ch\/de\/wp-json\/wp\/v2\/comments?post=828"}],"wp:featuredmedia":[{"embeddable":true,"href":"https:\/\/dev.velcrotex.ch\/de\/wp-json\/wp\/v2\/media\/441"}],"wp:attachment":[{"href":"https:\/\/dev.velcrotex.ch\/de\/wp-json\/wp\/v2\/media?parent=828"}],"wp:term":[{"taxonomy":"product_cat","embeddable":true,"href":"https:\/\/dev.velcrotex.ch\/de\/wp-json\/wp\/v2\/product_cat?post=828"},{"taxonomy":"product_tag","embeddable":true,"href":"https:\/\/dev.velcrotex.ch\/de\/wp-json\/wp\/v2\/product_tag?post=828"}],"curies":[{"name":"wp","href":"https:\/\/api.w.org\/{rel}","templated":true}]}}